{"id":123,"date":"2019-08-23T17:03:44","date_gmt":"2019-08-23T15:03:44","guid":{"rendered":"https:\/\/chateautoursaintfort.com\/en\/2019\/?page_id=123"},"modified":"2020-05-18T10:29:25","modified_gmt":"2020-05-18T08:29:25","slug":"mentions-legales","status":"publish","type":"page","link":"https:\/\/chateautoursaintfort.com\/en\/mentions-legales\/","title":{"rendered":"Mentions l\u00e9gales"},"content":{"rendered":"<h3>I \u2013 PR\u00c9SENTATION<\/h3>\n<h4>1. \u00c9DITEUR<\/h4>\n<p>Le site Internet www.chateautoursaintfort.com (ci-apr\u00e8s d\u00e9nomm\u00e9 \u00ab Site \u00bb) est \u00e9dit\u00e9 par le Ch\u00e2teau Tour Saint-Fort dont le si\u00e8ge social est situ\u00e9<\/p>\n<p>Lieu dit Laujac &#8211; 1, route de la Villotte<br \/>\n33180 Saint-Est\u00e8phe (ci-apr\u00e8s d\u00e9nomm\u00e9e \u00ab Ch\u00e2teau Tour Saint-Fort \u00bb).<br \/>\nT\u00e9l. + 33 5 56 59 38 19<\/p>\n<p>Directeur de la publication : Pascal Fricard<\/p>\n<h4>2. ACC\u00c8S AU SITE<\/h4>\n<p>La connexion au site www.chateautoursaintfort.com implique l\u2019acceptation des pr\u00e9sentes Mentions L\u00e9gales.<br \/>\nLe Ch\u00e2teau Tour Saint-Fort se r\u00e9serve le droit de modifier et d\u2019actualiser \u00e0 tout moment les pr\u00e9sentes Mentions L\u00e9gales \u00e9tant pr\u00e9cis\u00e9 que la modification et l\u2019actualisation des Mentions L\u00e9gales s\u2019imposent d\u00e8s leur mise en ligne.<br \/>\nLe Ch\u00e2teau Tour Saint-Fort tient \u00e0 jour ce Site pour l\u2019usage des personnes l\u00e9galement autoris\u00e9es \u00e0 consommer ou \u00e0 acheter des boissons alcoolis\u00e9es, et ce dans les pays dans lesquels la consommation ou l\u2019achat des boissons alcoolis\u00e9es est l\u00e9gale.<\/p>\n<h3>II \u2013 PROPRI\u00c9T\u00c9 INTELLECTUELLE<\/h3>\n<h4>1. TITULARIT\u00c9<\/h4>\n<p>Le Ch\u00e2teau Tour Saint-Fort est titulaire du nom de domaine du Site.<br \/>\nCe Site et tous les logiciels utilis\u00e9s en liaison avec le Site peuvent contenir des informations confidentielles ou des informations prot\u00e9g\u00e9es par la l\u00e9gislation sur la propri\u00e9t\u00e9 intellectuelle ou par d\u2019autres lois.<br \/>\nPar cons\u00e9quent, sauf mention contraire, les droits de propri\u00e9t\u00e9 intellectuelle sur les documents contenus sur le Site et chacun des \u00e9l\u00e9ments cr\u00e9\u00e9s pour le Site sont la propri\u00e9t\u00e9 exclusive du Ch\u00e2teau Tour Saint-Fort, Ch\u00e2teau Tour Saint-Fort ne conc\u00e9dant aucune licence d\u2019utilisation ni aucun autre droit sur ces \u00e9l\u00e9ments, \u00e0 l\u2019exception du droit de consultation accord\u00e9 aux utilisateurs d\u2019Internet.<\/p>\n<h4>2. SANCTIONS<\/h4>\n<p>L\u2019usage de tout ou partie du Site, notamment par t\u00e9l\u00e9chargement, reproduction, transmission, repr\u00e9sentation ou diffusion \u00e0 d\u2019autres fins que pour l\u2019usage personnel et priv\u00e9 dans un but non commercial de l\u2019internaute est strictement interdit. La violation des droits du Ch\u00e2teau Tour Saint-Fort expose son auteur aux sanctions pr\u00e9vues tant par le Code de la propri\u00e9t\u00e9 intellectuelle au titre, notamment, de la contrefa\u00e7on de droits d\u2019auteur (article L. 335-1 et suivants), de droit de marques (article L. 716-1 et suivants) que par le Code civil en mati\u00e8re de responsabilit\u00e9 civile (article 9, articles 1382 et suivants).<\/p>\n<h3>III \u2013 RESPONSABILIT\u00c9<\/h3>\n<h4>1. LIMITATION DE RESPONSABILIT\u00c9<\/h4>\n<p>Le Ch\u00e2teau Tour Saint-Fort s\u2019engage \u00e0 assurer, dans toute la mesure de ses moyens, que les informations publi\u00e9es sur le Site sont correctes et \u00e0 jour. Toutefois, Le Ch\u00e2teau Tour Saint-Fort ne peut pas garantir l\u2019exactitude et l\u2019exhaustivit\u00e9 des informations fournies sur le Site, ainsi que les informations provenant de tierces personnes.<\/p>\n<p>De ce fait, Le Ch\u00e2teau Tour Saint-Fort d\u00e9cline toute responsabilit\u00e9 :<\/p>\n<ul>\n<li>pour toute interruption \u00e9ventuelle du Site ;<\/li>\n<li>pour tout d\u00e9faut de fonctionnement ;<\/li>\n<li>pour toute erreur ou omission quant aux informations publi\u00e9es sur le Site ;<\/li>\n<li>pour tout dommage r\u00e9sultant de l\u2019intrusion non autoris\u00e9e d\u2019un tiers ayant modifi\u00e9 les informations fournies sur ce Site ;<\/li>\n<li>pour tout dommage direct ou indirect, quelles qu\u2019en soient la ou les causes, nature, origine ou cons\u00e9quences.<\/li>\n<\/ul>\n<p>&nbsp;<\/p>\n<h4>2. LIENS HYPERTEXTES<\/h4>\n<p>Le Site peut inclure des liens vers d\u2019autres sites web ou pages Internet. Le Ch\u00e2teau Tour Saint-Fort n\u2019a pas la ma\u00eetrise de ces sites et \u00e9l\u00e9ments externes. De ce fait, Le Ch\u00e2teau Tour Saint-Fort ne peut \u00eatre tenu pour responsable de ces sites et \u00e9l\u00e9ments externes et d\u00e9cline toute responsabilit\u00e9 concernant les contenus, la publicit\u00e9, les produits, les services et tout autre \u00e9l\u00e9ment disponible sur ces sites ou par lien externe. En outre, Le Ch\u00e2teau Tour Saint-Fort ne peut \u00eatre tenue responsable de tous dommages ou pertes av\u00e9r\u00e9s ou all\u00e9gu\u00e9s cons\u00e9cutifs ou en relation avec l\u2019acc\u00e8s, l\u2019utilisation ou le fait d\u2019avoir fait confiance au contenu, \u00e0 des biens ou des services disponibles sur ces sites ou sources externes.<\/p>\n<h3>IV \u2013 G\u00c9N\u00c9RALIT\u00c9S<\/h3>\n<h4>1. MODIFICATION<\/h4>\n<p>Le Ch\u00e2teau Tour Saint-Fort se r\u00e9serve le droit de corriger le contenu du Site \u00e0 tout moment et sans avis pr\u00e9alable de l\u2019internaute. Ainsi, toute modification est r\u00e9put\u00e9e accept\u00e9e sans r\u00e9serve par tout internaute qui acc\u00e8de au Site post\u00e9rieurement \u00e0 sa mise en ligne.<\/p>\n<h4>2. LOI APPLICABLE<\/h4>\n<p>Les pr\u00e9sentes mentions sont \u00e9tablies en conformit\u00e9 avec le droit fran\u00e7ais et notamment des dispositions de la loi n\u00b02004-575 du 21 juin 2004 pour la confiance dans l\u2019\u00e9conomie num\u00e9rique et de la loi n\u00b078-17 du 6 janvier 1978 relative \u00e0 l\u2019informatique, aux fichiers et aux libert\u00e9s, modifi\u00e9e par la loi n\u00b02004-801 du 6 ao\u00fbt 2004.<br \/>\nLes juridictions fran\u00e7aises sont territorialement comp\u00e9tentes pour conna\u00eetre de tout litige aff\u00e9rent \u00e0 l\u2019utilisation du Site, sauf dispositions contraires d\u00e9coulant du R\u00e8glement n\u00b044\/2001 du 20 d\u00e9cembre 2000 sur la comp\u00e9tence judiciaire, la reconnaissance et l\u2019ex\u00e9cution des d\u00e9cisions en mati\u00e8re civile et commerciale (Bruxelles I).<\/p>\n<h4>3. CONCEPTION<\/h4>\n<p>Le site de Ch\u00e2teau Tour Saint-Fort a \u00e9t\u00e9 cr\u00e9\u00e9 et r\u00e9alis\u00e9 par :<br \/>\nL\u2019Agence Fleurie \u2013 <a href=\"http:\/\/www.agence-fleurie.com\" target=\"_blank\" rel=\"noopener noreferrer\">www.agence-fleurie.com<\/a><\/p>\n<p>Le Site de Ch\u00e2teau Tour Saint-Fort est h\u00e9berg\u00e9 par :<br \/>\nL\u2019Agence Fleurie \u2013 <a href=\"http:\/\/www.agence-fleurie.com\" target=\"_blank\" rel=\"noopener noreferrer\">www.agence-fleurie.com<\/a><\/p>\n<h4>\u00a04. CR\u00c9DITS<\/h4>\n<p><strong>R\u00e9alisation du site :<\/strong> Agence Fleurie<br \/>\n<strong>Photos\u00a0:<\/strong> JB Nadeau \u2013 <strong>Images Drone\u00a0:<\/strong> Vu d\u2019un Drone.<br \/>\n<strong>Photos archives :<\/strong> Ch\u00e2teau Tour Saint-Fort<\/p>\n","protected":false},"excerpt":{"rendered":"<p>I \u2013 PR\u00c9SENTATION 1. \u00c9DITEUR Le site Internet www.chateautoursaintfort.com (ci-apr\u00e8s d\u00e9nomm\u00e9 \u00ab Site \u00bb) est \u00e9dit\u00e9 par le Ch\u00e2teau Tour Saint-Fort dont le si\u00e8ge social est situ\u00e9 Lieu dit Laujac &#8211; 1, route de la Villotte 33180 Saint-Est\u00e8phe (ci-apr\u00e8s d\u00e9nomm\u00e9e \u00ab Ch\u00e2teau Tour Saint-Fort \u00bb). T\u00e9l. + 33 5 56 59 38 19 Directeur de [&hellip;]<\/p>\n","protected":false},"author":1,"featured_media":0,"parent":0,"menu_order":0,"comment_status":"closed","ping_status":"closed","template":"","meta":{"_acf_changed":false,"footnotes":""},"class_list":["post-123","page","type-page","status-publish","hentry"],"acf":[],"aioseo_notices":[],"_links":{"self":[{"href":"https:\/\/chateautoursaintfort.com\/en\/wp-json\/wp\/v2\/pages\/123","targetHints":{"allow":["GET"]}}],"collection":[{"href":"https:\/\/chateautoursaintfort.com\/en\/wp-json\/wp\/v2\/pages"}],"about":[{"href":"https:\/\/chateautoursaintfort.com\/en\/wp-json\/wp\/v2\/types\/page"}],"author":[{"embeddable":true,"href":"https:\/\/chateautoursaintfort.com\/en\/wp-json\/wp\/v2\/users\/1"}],"replies":[{"embeddable":true,"href":"https:\/\/chateautoursaintfort.com\/en\/wp-json\/wp\/v2\/comments?post=123"}],"version-history":[{"count":1,"href":"https:\/\/chateautoursaintfort.com\/en\/wp-json\/wp\/v2\/pages\/123\/revisions"}],"predecessor-version":[{"id":411,"href":"https:\/\/chateautoursaintfort.com\/en\/wp-json\/wp\/v2\/pages\/123\/revisions\/411"}],"wp:attachment":[{"href":"https:\/\/chateautoursaintfort.com\/en\/wp-json\/wp\/v2\/media?parent=123"}],"curies":[{"name":"wp","href":"https:\/\/api.w.org\/{rel}","templated":true}]}}